{"id":2,"date":"2025-10-17T10:34:26","date_gmt":"2025-10-17T10:34:26","guid":{"rendered":"http:\/\/sds-skawina.pl\/?page_id=2"},"modified":"2026-01-26T16:08:13","modified_gmt":"2026-01-26T16:08:13","slug":"sample-page","status":"publish","type":"page","link":"https:\/\/sds-skawina.pl\/?page_id=2","title":{"rendered":"O nas"},"content":{"rendered":"<p>\u015arodowiskowy Dom Samopomocy w Skawinie powsta\u0142 we wrze\u015bniu 2005 roku.<br \/>Od blisko 20 lat tworzymy miejsce, kt\u00f3re jest czym\u015b wi\u0119cej ni\u017c o\u015brodkiem wsparcia \u2014 jest prawdziwym Domem.<br \/>Dom przeznaczony jest dla os\u00f3b powy\u017cej 18. roku \u017cycia z zaburzeniami psychicznymi oraz z niepe\u0142nosprawno\u015bci\u0105 intelektualn\u0105.<br \/>Ka\u017cdego dnia towarzyszymy naszym uczestnikom w codziennym \u017cyciu, rozwoju i budowaniu relacji \u2014 w atmosferze szacunku, bezpiecze\u0144stwa i akceptacji.<\/p>\n<p><strong>Dom, kt\u00f3ry zbli\u017ca<\/strong><br \/>\u015aDS w Skawinie to przestrze\u0144, w kt\u00f3rej mo\u017cna by\u0107 sob\u0105.<br \/>To miejsce spotka\u0144, rozm\u00f3w, wsp\u00f3lnej pracy, tw\u00f3rczo\u015bci i \u015bwi\u0119towania codzienno\u015bci.<br \/>Jak kto\u015b napisa\u0142 o nas: &#8230; <em>to Dom, w kt\u00f3rym mo\u017cna \u015bmia\u0107 si\u0119 i p\u0142aka\u0107, planowa\u0107 podr\u00f3\u017ce i wraca\u0107 z nich, odpocz\u0105\u0107 i schroni\u0107 si\u0119 \u2014 Dom, w kt\u00f3rym cz\u0142owiek jest wa\u017cny.<\/em><\/p>\n<p><strong>Organizacja i codzienne funkcjonowanie<\/strong><br \/>Dom czynny jest od poniedzia\u0142ku do pi\u0105tku w godzinach 7.00\u201315.00.<br \/>W zaj\u0119ciach uczestniczy obecnie blisko 40 os\u00f3b.<br \/>Podstaw\u0105 naszej dzia\u0142alno\u015bci jest kompleksowa terapia zaj\u0119ciowa, kt\u00f3rej celem jest:<br \/>&#8211; rozwijanie samodzielno\u015bci,<br \/>&#8211; wzmacnianie umiej\u0119tno\u015bci spo\u0142ecznych i zawodowych,<br \/>&#8211; podtrzymywanie zdolno\u015bci wykonywania czynno\u015bci dnia codziennego,<br \/>&#8211; odkrywanie i rozwijanie indywidualnych talent\u00f3w.<\/p>\n<p>Zapewniamy r\u00f3wnie\u017c opiek\u0119 psychologiczn\u0105 i socjaln\u0105 oraz fizjoterapi\u0119.<\/p>\n<p><strong>Pracownie terapeutyczne<\/strong><br \/>Treningi prowadzone s\u0105 w specjalistycznych pracowniach:<br \/>&#8211; ceramicznej<br \/>&#8211; kulinarnej<br \/>&#8211; komputerowej<br \/>&#8211; plastycznej<br \/>&#8211; r\u0119kodzie\u0142a artystycznego<br \/>To w nich powstaj\u0105 m.in. ceramiczne anio\u0142y, obrazy, r\u0119kodzie\u0142o, dekoracje i rekwizyty teatralne \u2014 ale przede wszystkim poczucie sprawczo\u015bci i wiary w siebie.<\/p>\n<p><strong>Dodatkowe formy wsparcia<\/strong><br \/>Opr\u00f3cz codziennej terapii oferujemy:<br \/>&#8211; terapi\u0119 muzyczn\u0105,<br \/>&#8211; zaj\u0119cia teatralne i wyst\u0119py sceniczne,<br \/>&#8211; wycieczki krajoznawczo-turystyczne,<br \/>&#8211; udzia\u0142 w wydarzeniach kulturalnych i artystycznych.<\/p>\n<p>Ze wzgl\u0119du na specyfik\u0119 niepe\u0142nosprawno\u015bci psychicznej, kontakt z kultur\u0105, sztuk\u0105 i nowymi miejscami jest bardzo wa\u017cnym elementem terapii.<br \/>Realizujemy to poprzez wyj\u015bcia do muze\u00f3w, teatr\u00f3w, kina, galerii, udzia\u0142 w koncertach, plenerach i wydarzeniach integracyjnych.<\/p>\n<p><strong>Kwalifikacja do uczestnictwa<\/strong><br \/>Przyj\u0119cie do \u015arodowiskowego Domu Samopomocy w Skawinie odbywa si\u0119 na podstawie wa\u017cnego orzeczenia o niepe\u0142nosprawno\u015bci lub orzeczenia ZUS, opinii lekarza prowadz\u0105cego ze wskazaniem do uczestnictwa w terapii zaj\u0119ciowej.<\/p>\n<p><strong>Informacja o dost\u0119pno\u015bci miejsc<\/strong><br \/>Obecnie brak wolnych miejsc.<\/p>\n<p>Osoby zainteresowane uczestnictwem prosimy o zg\u0142aszanie si\u0119 na list\u0119 rezerwow\u0105.<br \/>Zg\u0142oszenia przyjmuje pracownik socjalny w godzinach pracy \u015aDS.<br \/>Ch\u0119tnie udzielimy informacji i odpowiemy na pytania \u2014 bez po\u015bpiechu i bez zobowi\u0105za\u0144.<br \/>Zapraszamy<\/p>\n\n\n<p><\/p>\n\n\n\n<blockquote class=\"wp-block-quote is-layout-flow wp-block-quote-is-layout-flow\">\n<p><em>Jeste\u015bmy cz\u0119\u015bci\u0105 Skawiny i jej wsp\u00f3lnoty.<br>Od lat budujemy miejsce, kt\u00f3re daje nadziej\u0119 i pokazuje, \u017ce \u017cycie osoby z niepe\u0142nosprawno\u015bci\u0105 mo\u017ce by\u0107 pe\u0142ne sensu, relacji i rado\u015bci.<br>Drzwi naszego Domu s\u0105 otwarte.<\/em><\/p>\n<\/blockquote>\n\n\n\n<p><\/p>\n\n\n\n<p><\/p>\n","protected":false},"excerpt":{"rendered":"<p>\u015arodowiskowy Dom Samopomocy w Skawinie powsta\u0142 we wrze\u015bniu 2005 roku.Od blisko 20 lat tworzymy miejsce, kt\u00f3re jest czym\u015b wi\u0119cej ni\u017c [&hellip;]<\/p>\n","protected":false},"author":1,"featured_media":0,"parent":0,"menu_order":0,"comment_status":"closed","ping_status":"open","template":"","meta":{"_monsterinsights_skip_tracking":false,"_monsterinsights_sitenote_active":false,"_monsterinsights_sitenote_note":"","_monsterinsights_sitenote_category":0,"site-sidebar-layout":"default","site-content-layout":"","ast-site-content-layout":"default","site-content-style":"default","site-sidebar-style":"default","ast-global-header-display":"","ast-banner-title-visibility":"","ast-main-header-display":"","ast-hfb-above-header-display":"","ast-hfb-below-header-display":"","ast-hfb-mobile-header-display":"","site-post-title":"","ast-breadcrumbs-content":"","ast-featured-img":"","footer-sml-layout":"","ast-disable-related-posts":"","theme-transparent-header-meta":"","adv-header-id-meta":"","stick-header-meta":"","header-above-stick-meta":"","header-main-stick-meta":"","header-below-stick-meta":"","astra-migrate-meta-layouts":"default","ast-page-background-enabled":"default","ast-page-background-meta":{"desktop":{"background-color":"var(--ast-global-color-5)","background-image":"","background-repeat":"repeat","background-position":"center center","background-size":"auto","background-attachment":"scroll","background-type":"","background-media":"","overlay-type":"","overlay-color":"","overlay-opacity":"","overlay-gradient":""},"tablet":{"background-color":"","background-image":"","background-repeat":"repeat","background-position":"center center","background-size":"auto","background-attachment":"scroll","background-type":"","background-media":"","overlay-type":"","overlay-color":"","overlay-opacity":"","overlay-gradient":""},"mobile":{"background-color":"","background-image":"","background-repeat":"repeat","background-position":"center center","background-size":"auto","background-attachment":"scroll","background-type":"","background-media":"","overlay-type":"","overlay-color":"","overlay-opacity":"","overlay-gradient":""}},"ast-content-background-meta":{"desktop":{"background-color":"var(--ast-global-color-4)","background-image":"","background-repeat":"repeat","background-position":"center center","background-size":"auto","background-attachment":"scroll","background-type":"","background-media":"","overlay-type":"","overlay-color":"","overlay-opacity":"","overlay-gradient":""},"tablet":{"background-color":"var(--ast-global-color-4)","background-image":"","background-repeat":"repeat","background-position":"center center","background-size":"auto","background-attachment":"scroll","background-type":"","background-media":"","overlay-type":"","overlay-color":"","overlay-opacity":"","overlay-gradient":""},"mobile":{"background-color":"var(--ast-global-color-4)","background-image":"","background-repeat":"repeat","background-position":"center center","background-size":"auto","background-attachment":"scroll","background-type":"","background-media":"","overlay-type":"","overlay-color":"","overlay-opacity":"","overlay-gradient":""}},"footnotes":""},"class_list":["post-2","page","type-page","status-publish","hentry"],"_links":{"self":[{"href":"https:\/\/sds-skawina.pl\/index.php?rest_route=\/wp\/v2\/pages\/2","targetHints":{"allow":["GET"]}}],"collection":[{"href":"https:\/\/sds-skawina.pl\/index.php?rest_route=\/wp\/v2\/pages"}],"about":[{"href":"https:\/\/sds-skawina.pl\/index.php?rest_route=\/wp\/v2\/types\/page"}],"author":[{"embeddable":true,"href":"https:\/\/sds-skawina.pl\/index.php?rest_route=\/wp\/v2\/users\/1"}],"replies":[{"embeddable":true,"href":"https:\/\/sds-skawina.pl\/index.php?rest_route=%2Fwp%2Fv2%2Fcomments&post=2"}],"version-history":[{"count":7,"href":"https:\/\/sds-skawina.pl\/index.php?rest_route=\/wp\/v2\/pages\/2\/revisions"}],"predecessor-version":[{"id":105,"href":"https:\/\/sds-skawina.pl\/index.php?rest_route=\/wp\/v2\/pages\/2\/revisions\/105"}],"wp:attachment":[{"href":"https:\/\/sds-skawina.pl\/index.php?rest_route=%2Fwp%2Fv2%2Fmedia&parent=2"}],"curies":[{"name":"wp","href":"https:\/\/api.w.org\/{rel}","templated":true}]}}