{"id":500,"date":"2026-05-04T08:57:50","date_gmt":"2026-05-04T08:57:50","guid":{"rendered":"https:\/\/sds-skawina.pl\/?page_id=500"},"modified":"2026-05-04T08:58:49","modified_gmt":"2026-05-04T08:58:49","slug":"pracownie","status":"publish","type":"page","link":"https:\/\/sds-skawina.pl\/?page_id=500","title":{"rendered":"Pracownie"},"content":{"rendered":"<h2 class=\"wp-block-post-title\">Pracownie<\/h2>\n\n\n<div class=\"wp-block-columns is-layout-flex wp-container-core-columns-is-layout-28f84493 wp-block-columns-is-layout-flex\">\n<div class=\"wp-block-column is-layout-flow wp-block-column-is-layout-flow\">\n<figure class=\"wp-block-image aligncenter size-large is-resized\"><img loading=\"lazy\" decoding=\"async\" width=\"1024\" height=\"1024\" src=\"https:\/\/sds-skawina.pl\/wp-content\/uploads\/2026\/05\/pracownie-1-1024x1024.png\" alt=\"\" class=\"wp-image-502\" style=\"width:349px;height:auto\" srcset=\"https:\/\/sds-skawina.pl\/wp-content\/uploads\/2026\/05\/pracownie-1-1024x1024.png 1024w, https:\/\/sds-skawina.pl\/wp-content\/uploads\/2026\/05\/pracownie-1-300x300.png 300w, https:\/\/sds-skawina.pl\/wp-content\/uploads\/2026\/05\/pracownie-1-150x150.png 150w, https:\/\/sds-skawina.pl\/wp-content\/uploads\/2026\/05\/pracownie-1-768x768.png 768w, https:\/\/sds-skawina.pl\/wp-content\/uploads\/2026\/05\/pracownie-1-600x600.png 600w, https:\/\/sds-skawina.pl\/wp-content\/uploads\/2026\/05\/pracownie-1.png 1254w\" sizes=\"auto, (max-width: 1024px) 100vw, 1024px\" \/><\/figure>\n<\/div>\n<\/div>\n\n\n\n<div class=\"wp-block-columns is-layout-flex wp-container-core-columns-is-layout-28f84493 wp-block-columns-is-layout-flex\">\n<div class=\"wp-block-column is-layout-flow wp-block-column-is-layout-flow\">\n<p class=\"has-text-align-left\"><strong>PRACOWNIA KULINARNA<\/strong><br>Serce domu to kuchnia, tak te\u017c jest i u nas. Ka\u017cdego dnia gotujemy obiady, aby samodzielno\u015b\u0107, nie by\u0142a wyzwaniem, lecz codzienno\u015bci\u0105. Przygotowanie posi\u0142k\u00f3w, obs\u0142uga sprz\u0119t\u00f3w kuchennych, dzielenie si\u0119 obowi\u0105zkami- tak mija nam czas w tym miejscu. To przestrze\u0144, gdzie ka\u017cdy dzie\u0144 przynosi co\u015b dobrego- zar\u00f3wno na talerzu, jak i w relacjach mi\u0119dzy lud\u017ami.<\/p>\n<\/div>\n\n\n\n<div class=\"wp-block-column is-layout-flow wp-block-column-is-layout-flow\">\n<figure class=\"wp-block-image aligncenter size-full is-resized\"><img loading=\"lazy\" decoding=\"async\" width=\"333\" height=\"358\" src=\"https:\/\/sds-skawina.pl\/wp-content\/uploads\/2026\/05\/pracownia_kulinarna.png\" alt=\"\" class=\"wp-image-503\" style=\"aspect-ratio:0.9302051505892623;width:160px;height:auto\" srcset=\"https:\/\/sds-skawina.pl\/wp-content\/uploads\/2026\/05\/pracownia_kulinarna.png 333w, https:\/\/sds-skawina.pl\/wp-content\/uploads\/2026\/05\/pracownia_kulinarna-279x300.png 279w\" sizes=\"auto, (max-width: 333px) 100vw, 333px\" \/><\/figure>\n<\/div>\n<\/div>\n\n\n\n<div class=\"wp-block-columns is-layout-flex wp-container-core-columns-is-layout-28f84493 wp-block-columns-is-layout-flex\">\n<div class=\"wp-block-column is-layout-flow wp-block-column-is-layout-flow\">\n<figure class=\"wp-block-image aligncenter size-full is-resized\"><img loading=\"lazy\" decoding=\"async\" width=\"239\" height=\"330\" src=\"https:\/\/sds-skawina.pl\/wp-content\/uploads\/2026\/05\/Pracownia_plastyczna.png\" alt=\"\" class=\"wp-image-504\" style=\"aspect-ratio:0.7242293669207822;width:133px;height:auto\" srcset=\"https:\/\/sds-skawina.pl\/wp-content\/uploads\/2026\/05\/Pracownia_plastyczna.png 239w, https:\/\/sds-skawina.pl\/wp-content\/uploads\/2026\/05\/Pracownia_plastyczna-217x300.png 217w\" sizes=\"auto, (max-width: 239px) 100vw, 239px\" \/><\/figure>\n<\/div>\n\n\n\n<div class=\"wp-block-column is-layout-flow wp-block-column-is-layout-flow\">\n<p><strong>PRACOWNIA PLASTYCZNA<\/strong><br>To dobry adres, aby eksperymentowa\u0107 i rozwija\u0107 wyobra\u017ani\u0119, a dla odwa\u017cnychwzi\u0105\u0107 udzia\u0142 w Ma\u0142opolskim Konkursie Artystycznym. Tu codzienno\u015b\u0107 nabiera barw.<br>Malujemy na p\u0142\u00f3ciennych torbach, wykonujemy obrazy farbami akwarelowymi, zwiedzamy muzea. Ogl\u0105damy prace s\u0142ynnych malarzy troch\u0119 z ciekawo\u015bci, troch\u0119 z z zachwytu\u2026a troch\u0119 dlatego, \u017ceby sprawdzi\u0107 na w\u0142asne oczy czy kt\u00f3ry\u015b z nich dosta\u0142by si\u0119 do naszej pracowni \ud83d\ude42<\/p>\n<\/div>\n<\/div>\n\n\n\n<div class=\"wp-block-columns is-layout-flex wp-container-core-columns-is-layout-28f84493 wp-block-columns-is-layout-flex\">\n<div class=\"wp-block-column is-layout-flow wp-block-column-is-layout-flow\">\n<p><strong>PRACOWNIA CERAMICZNA<\/strong><br>To miejsce, gdzie mo\u017cna si\u0119 ubrudzi\u0107 bez wyrzut\u00f3w sumienia. Ugniatanie,<br>wa\u0142kowanie i formowanie pozwala si\u0119 wyciszy\u0107 i skupi\u0107 na tym co dzieje si\u0119 w tym momencie, w\u0142a\u015bnie tu i teraz. Kochamy t\u0119 nasz\u0105 ma\u0142\u0105, zapylon\u0105 pracowni\u0119, niepewno\u015b\u0107 co zobaczymy po otwarciu pieca i satysfakcj\u0119, kt\u00f3r\u0105 daje nam sprzedawanie naszych nieidealnych wytwor\u00f3w na kiermaszach.<br>Czasem wystarczy kawa\u0142ek gliny, \u017ceby dzie\u0144 sta\u0142 si\u0119 po prostu lepszy.<\/p>\n<\/div>\n\n\n\n<div class=\"wp-block-column is-layout-flow wp-block-column-is-layout-flow\">\n<figure class=\"wp-block-image aligncenter size-full is-resized\"><img loading=\"lazy\" decoding=\"async\" width=\"250\" height=\"330\" src=\"https:\/\/sds-skawina.pl\/wp-content\/uploads\/2026\/05\/pracownia_ceramiczna.png\" alt=\"\" class=\"wp-image-505\" style=\"width:119px;height:auto\" srcset=\"https:\/\/sds-skawina.pl\/wp-content\/uploads\/2026\/05\/pracownia_ceramiczna.png 250w, https:\/\/sds-skawina.pl\/wp-content\/uploads\/2026\/05\/pracownia_ceramiczna-227x300.png 227w\" sizes=\"auto, (max-width: 250px) 100vw, 250px\" \/><\/figure>\n<\/div>\n<\/div>\n\n\n\n<div class=\"wp-block-columns is-layout-flex wp-container-core-columns-is-layout-28f84493 wp-block-columns-is-layout-flex\">\n<div class=\"wp-block-column is-layout-flow wp-block-column-is-layout-flow\">\n<figure class=\"wp-block-image aligncenter size-full is-resized\"><img loading=\"lazy\" decoding=\"async\" width=\"233\" height=\"330\" src=\"https:\/\/sds-skawina.pl\/wp-content\/uploads\/2026\/05\/pracownia_witrazu.png\" alt=\"\" class=\"wp-image-506\" style=\"aspect-ratio:0.706046687816658;width:108px;height:auto\" srcset=\"https:\/\/sds-skawina.pl\/wp-content\/uploads\/2026\/05\/pracownia_witrazu.png 233w, https:\/\/sds-skawina.pl\/wp-content\/uploads\/2026\/05\/pracownia_witrazu-212x300.png 212w\" sizes=\"auto, (max-width: 233px) 100vw, 233px\" \/><\/figure>\n<\/div>\n\n\n\n<div class=\"wp-block-column is-layout-flow wp-block-column-is-layout-flow\">\n<p><strong>PRACOWNIA WITRA\u017bU<\/strong><br>To tu uk\u0142adamy puzzle, ale takie wyj\u0105tkowe bo z kolorowego szk\u0142a! Dopiero si\u0119 rozkr\u0119camy &#8211; uczymy ci\u0105\u0107, lutowa\u0107 i dopasowywa\u0107 ma\u0142e elementy, ale mo\u017cemy \u015bmia\u0142o powiedzie\u0107, \u017ce dzi\u0119ki temu nasz dom nie znosi nudy. Pomys\u0142y nigdy si\u0119 nie ko\u0144cz\u0105, a rodz\u0105 coraz to nowsze.<\/p>\n<\/div>\n<\/div>\n\n\n\n<div class=\"wp-block-columns is-layout-flex wp-container-core-columns-is-layout-28f84493 wp-block-columns-is-layout-flex\">\n<div class=\"wp-block-column is-layout-flow wp-block-column-is-layout-flow\">\n<p><strong>PRACOWNIA SZTUKI U\u017bYTKOWEJ<\/strong><br>Nazwali\u015bmy t\u0119 pracowni\u0119 w ten spos\u00f3b, bo to w\u0142a\u015bnie tutaj pokazujemy jak mo\u017cna sp\u0119dzi\u0107 czas kreatywnie w domu. Podstawy haftu, makramy, tworzenie bi\u017cuterii, haft diamentowy to formy terapii, ale tak naprawd\u0119 mo\u017cliwo\u015bci na sp\u0119dzenie czasu inaczej ni\u017c przed telewizorem. Bo o to tak naprawd\u0119 nam chodzi, aby w domu wci\u0105\u017c by\u0107 tw\u00f3rczym, mie\u0107 pasj\u0119, dzi\u0119ki kt\u00f3rej w g\u0142owie zamiast problem\u00f3w, b\u0119dzie tylko brzmia\u0142o: \u201cjeszcze tylko chwilk\u0119\u2026\u201d \ud83d\ude42<\/p>\n<\/div>\n\n\n\n<div class=\"wp-block-column is-layout-flow wp-block-column-is-layout-flow\">\n<figure class=\"wp-block-image aligncenter size-full is-resized\"><img loading=\"lazy\" decoding=\"async\" width=\"262\" height=\"333\" src=\"https:\/\/sds-skawina.pl\/wp-content\/uploads\/2026\/05\/pracownia_sztuki.png\" alt=\"\" class=\"wp-image-507\" style=\"aspect-ratio:0.7868137024870953;width:125px;height:auto\" srcset=\"https:\/\/sds-skawina.pl\/wp-content\/uploads\/2026\/05\/pracownia_sztuki.png 262w, https:\/\/sds-skawina.pl\/wp-content\/uploads\/2026\/05\/pracownia_sztuki-236x300.png 236w\" sizes=\"auto, (max-width: 262px) 100vw, 262px\" \/><\/figure>\n<\/div>\n<\/div>\n\n\n\n<div class=\"wp-block-columns is-layout-flex wp-container-core-columns-is-layout-28f84493 wp-block-columns-is-layout-flex\">\n<div class=\"wp-block-column is-layout-flow wp-block-column-is-layout-flow\">\n<figure class=\"wp-block-image aligncenter size-full is-resized\"><img loading=\"lazy\" decoding=\"async\" width=\"224\" height=\"333\" src=\"https:\/\/sds-skawina.pl\/wp-content\/uploads\/2026\/05\/pracownia_krawiecka.png\" alt=\"\" class=\"wp-image-508\" style=\"aspect-ratio:0.6726888784608165;width:99px;height:auto\" srcset=\"https:\/\/sds-skawina.pl\/wp-content\/uploads\/2026\/05\/pracownia_krawiecka.png 224w, https:\/\/sds-skawina.pl\/wp-content\/uploads\/2026\/05\/pracownia_krawiecka-202x300.png 202w\" sizes=\"auto, (max-width: 224px) 100vw, 224px\" \/><\/figure>\n<\/div>\n\n\n\n<div class=\"wp-block-column is-layout-flow wp-block-column-is-layout-flow\">\n<p><strong>PRACOWNIA KRAWIECKA<\/strong><br>Ta\u0144cowa\u0142a ig\u0142a z nitk\u0105\u2026 Nasze rzeczy maj\u0105 dusz\u0119, nieraz krzywy szef, ig\u0142a ucieka, a nitka si\u0119 pl\u0105cze. Poprzez tworzenie rzeczy pi\u0119knych, nasi uczestnicy nabywaj\u0105 umiej\u0119tno\u015bci radzenia sobie w \u017cyciu codziennym. Na co dzie\u0144 powstaj\u0105 tu ozdoby okoliczno\u015bciowe i maskotki, a wszystko po to, aby nie musie\u0107 rezygnowa\u0107 ze swojego ulubionego swetra, kt\u00f3ry w\u0142a\u015bnie straci\u0142 guzik.<\/p>\n<\/div>\n<\/div>\n\n\n\n<div class=\"wp-block-columns is-layout-flex wp-container-core-columns-is-layout-28f84493 wp-block-columns-is-layout-flex\">\n<div class=\"wp-block-column is-layout-flow wp-block-column-is-layout-flow\">\n<p><strong>PRACOWNIA R\u0118KODZIE\u0141A<\/strong><br>Pracuj\u0105c z drewnem uczymy dok\u0142adno\u015bci i skupienia, poniewa\u017c to taki surowiec, kt\u00f3ry nie zawsze wybacza b\u0142\u0119dy. Chwila nieuwagi i drzazga w palcu przypomina o tym, \u017ce szlifuj\u0105c desk\u0119 na kt\u00f3rej w przysz\u0142o\u015bci powstanie ikona, trzeba kierowa\u0107 si\u0119 wyczuciem i precyzj\u0105. Uwa\u017camy, \u017ce r\u0119kodzie\u0142o to terapia przez tworzenie &#8211; troch\u0119 pracy i zabawy, a przynosi wiele dobrego dla g\u0142owy i serca.<\/p>\n<\/div>\n\n\n\n<div class=\"wp-block-column is-layout-flow wp-block-column-is-layout-flow\">\n<figure class=\"wp-block-image aligncenter size-full is-resized\"><img loading=\"lazy\" decoding=\"async\" width=\"227\" height=\"313\" src=\"https:\/\/sds-skawina.pl\/wp-content\/uploads\/2026\/05\/pracownia_rekodziela.png\" alt=\"\" class=\"wp-image-509\" style=\"aspect-ratio:0.7252621068397404;width:101px;height:auto\" srcset=\"https:\/\/sds-skawina.pl\/wp-content\/uploads\/2026\/05\/pracownia_rekodziela.png 227w, https:\/\/sds-skawina.pl\/wp-content\/uploads\/2026\/05\/pracownia_rekodziela-218x300.png 218w\" sizes=\"auto, (max-width: 227px) 100vw, 227px\" \/><\/figure>\n<\/div>\n<\/div>\n\n\n\n<div class=\"wp-block-columns is-layout-flex wp-container-core-columns-is-layout-28f84493 wp-block-columns-is-layout-flex\">\n<div class=\"wp-block-column is-layout-flow wp-block-column-is-layout-flow\">\n<figure class=\"wp-block-image aligncenter size-full is-resized\"><img loading=\"lazy\" decoding=\"async\" width=\"236\" height=\"328\" src=\"https:\/\/sds-skawina.pl\/wp-content\/uploads\/2026\/05\/pracownia_komputerowa.png\" alt=\"\" class=\"wp-image-510\" style=\"aspect-ratio:0.7195331110052406;width:114px;height:auto\" srcset=\"https:\/\/sds-skawina.pl\/wp-content\/uploads\/2026\/05\/pracownia_komputerowa.png 236w, https:\/\/sds-skawina.pl\/wp-content\/uploads\/2026\/05\/pracownia_komputerowa-216x300.png 216w\" sizes=\"auto, (max-width: 236px) 100vw, 236px\" \/><\/figure>\n<\/div>\n\n\n\n<div class=\"wp-block-column is-layout-flow wp-block-column-is-layout-flow\">\n<p><strong>PRACOWNIA KOMPUTEROWA<\/strong><br>Nasi uczestnicy nie pozostaj\u0105 w tyle i na co dzie\u0144 korzystaj\u0105 z komputera,<br>paczkomatu, bankomatu czy kasy samoobs\u0142ugowej. Naszym priorytetem jest usamodzielnianie w ka\u017cdej dziedzinie \u017cycia i dlatego w\u0142a\u015bnie pracownia<br>komputerowa jest tak istotna. Opr\u00f3cz nauki surfowania w Internecie, powstaj\u0105 w tym miejscu przedmioty zdobione technik\u0105 decoupage, pi\u0119kne r\u0119cznie malowane kartki i niepowtarzalne skrzynki.<\/p>\n<\/div>\n<\/div>\n","protected":false},"excerpt":{"rendered":"<p>PRACOWNIA KULINARNASerce domu to kuchnia, tak te\u017c jest i u nas. Ka\u017cdego dnia gotujemy obiady, aby samodzielno\u015b\u0107, nie by\u0142a wyzwaniem, [&hellip;]<\/p>\n","protected":false},"author":1,"featured_media":0,"parent":0,"menu_order":0,"comment_status":"closed","ping_status":"closed","template":"","meta":{"_monsterinsights_skip_tracking":false,"_monsterinsights_sitenote_active":false,"_monsterinsights_sitenote_note":"","_monsterinsights_sitenote_category":0,"site-sidebar-layout":"default","site-content-layout":"","ast-site-content-layout":"default","site-content-style":"default","site-sidebar-style":"default","ast-global-header-display":"","ast-banner-title-visibility":"","ast-main-header-display":"","ast-hfb-above-header-display":"","ast-hfb-below-header-display":"","ast-hfb-mobile-header-display":"","site-post-title":"disabled","ast-breadcrumbs-content":"","ast-featured-img":"","footer-sml-layout":"","ast-disable-related-posts":"","theme-transparent-header-meta":"","adv-header-id-meta":"","stick-header-meta":"","header-above-stick-meta":"","header-main-stick-meta":"","header-below-stick-meta":"","astra-migrate-meta-layouts":"default","ast-page-background-enabled":"default","ast-page-background-meta":{"desktop":{"background-color":"var(--ast-global-color-5)","background-image":"","background-repeat":"repeat","background-position":"center center","background-size":"auto","background-attachment":"scroll","background-type":"","background-media":"","overlay-type":"","overlay-color":"","overlay-opacity":"","overlay-gradient":""},"tablet":{"background-color":"","background-image":"","background-repeat":"repeat","background-position":"center center","background-size":"auto","background-attachment":"scroll","background-type":"","background-media":"","overlay-type":"","overlay-color":"","overlay-opacity":"","overlay-gradient":""},"mobile":{"background-color":"","background-image":"","background-repeat":"repeat","background-position":"center center","background-size":"auto","background-attachment":"scroll","background-type":"","background-media":"","overlay-type":"","overlay-color":"","overlay-opacity":"","overlay-gradient":""}},"ast-content-background-meta":{"desktop":{"background-color":"var(--ast-global-color-4)","background-image":"","background-repeat":"repeat","background-position":"center center","background-size":"auto","background-attachment":"scroll","background-type":"","background-media":"","overlay-type":"","overlay-color":"","overlay-opacity":"","overlay-gradient":""},"tablet":{"background-color":"var(--ast-global-color-4)","background-image":"","background-repeat":"repeat","background-position":"center center","background-size":"auto","background-attachment":"scroll","background-type":"","background-media":"","overlay-type":"","overlay-color":"","overlay-opacity":"","overlay-gradient":""},"mobile":{"background-color":"var(--ast-global-color-4)","background-image":"","background-repeat":"repeat","background-position":"center center","background-size":"auto","background-attachment":"scroll","background-type":"","background-media":"","overlay-type":"","overlay-color":"","overlay-opacity":"","overlay-gradient":""}},"footnotes":""},"class_list":["post-500","page","type-page","status-publish","hentry"],"_links":{"self":[{"href":"https:\/\/sds-skawina.pl\/index.php?rest_route=\/wp\/v2\/pages\/500","targetHints":{"allow":["GET"]}}],"collection":[{"href":"https:\/\/sds-skawina.pl\/index.php?rest_route=\/wp\/v2\/pages"}],"about":[{"href":"https:\/\/sds-skawina.pl\/index.php?rest_route=\/wp\/v2\/types\/page"}],"author":[{"embeddable":true,"href":"https:\/\/sds-skawina.pl\/index.php?rest_route=\/wp\/v2\/users\/1"}],"replies":[{"embeddable":true,"href":"https:\/\/sds-skawina.pl\/index.php?rest_route=%2Fwp%2Fv2%2Fcomments&post=500"}],"version-history":[{"count":3,"href":"https:\/\/sds-skawina.pl\/index.php?rest_route=\/wp\/v2\/pages\/500\/revisions"}],"predecessor-version":[{"id":513,"href":"https:\/\/sds-skawina.pl\/index.php?rest_route=\/wp\/v2\/pages\/500\/revisions\/513"}],"wp:attachment":[{"href":"https:\/\/sds-skawina.pl\/index.php?rest_route=%2Fwp%2Fv2%2Fmedia&parent=500"}],"curies":[{"name":"wp","href":"https:\/\/api.w.org\/{rel}","templated":true}]}}