{"id":528,"date":"2026-05-04T12:53:45","date_gmt":"2026-05-04T12:53:45","guid":{"rendered":"https:\/\/sds-skawina.pl\/?page_id=528"},"modified":"2026-05-04T14:41:34","modified_gmt":"2026-05-04T14:41:34","slug":"teatr","status":"publish","type":"page","link":"https:\/\/sds-skawina.pl\/?page_id=528","title":{"rendered":"Teatr \u2013 \u201eKrewni Pana Boga\u201d"},"content":{"rendered":"\n<p><strong>Bo ka\u017cdy ma swoj\u0105 histori\u0119 do opowiedzenia<\/strong><br>Wychodzimy na scen\u0119 i pokazujemy si\u0119 \u015bwiatu. To przestrze\u0144 odwagi, ekspresji i rado\u015bci. Na scenie ka\u017cdy ma swoj\u0105 rol\u0119 i swoj\u0105 histori\u0119.<\/p>\n\n\n\n<figure class=\"wp-block-image aligncenter size-large is-resized\"><img loading=\"lazy\" decoding=\"async\" width=\"1024\" height=\"683\" src=\"https:\/\/sds-skawina.pl\/wp-content\/uploads\/2026\/05\/teatr_3-1024x683.jpg\" alt=\"\" class=\"wp-image-541\" style=\"aspect-ratio:1.4993136582017845;width:743px;height:auto\" srcset=\"https:\/\/sds-skawina.pl\/wp-content\/uploads\/2026\/05\/teatr_3-1024x683.jpg 1024w, https:\/\/sds-skawina.pl\/wp-content\/uploads\/2026\/05\/teatr_3-300x200.jpg 300w, https:\/\/sds-skawina.pl\/wp-content\/uploads\/2026\/05\/teatr_3-768x512.jpg 768w, https:\/\/sds-skawina.pl\/wp-content\/uploads\/2026\/05\/teatr_3-1536x1025.jpg 1536w, https:\/\/sds-skawina.pl\/wp-content\/uploads\/2026\/05\/teatr_3-1200x800.jpg 1200w, https:\/\/sds-skawina.pl\/wp-content\/uploads\/2026\/05\/teatr_3.jpg 2048w\" sizes=\"auto, (max-width: 1024px) 100vw, 1024px\" \/><\/figure>\n\n\n\n<p><strong>Wi\u0119cej ni\u017c zaj\u0119cia \u2013 prawdziwa przestrze\u0144 rozwoju<\/strong><br>Nasza grupa teatralna \u201eKrewni Pana Boga\u201d to co\u015b znacznie wi\u0119cej ni\u017c zaj\u0119cia artystyczne.<br>To bezpieczna przestrze\u0144, w kt\u00f3rej uczestnicy mog\u0105 odkrywa\u0107 swoje talenty, prze\u0142amywa\u0107 bariery i rozwija\u0107 si\u0119 poprzez sztuk\u0119.<br>Teatr daje mo\u017cliwo\u015b\u0107 wyra\u017cenia tego, czego cz\u0119sto nie da si\u0119 powiedzie\u0107 s\u0142owami.<br>Uczy odwagi, otwarto\u015bci i buduje poczucie w\u0142asnej warto\u015bci.<br>Ka\u017cde spotkanie to proces \u2014 od pierwszych pr\u00f3b, przez wsp\u00f3lne tworzenie, a\u017c po moment wyj\u015bcia na scen\u0119.<\/p>\n\n\n\n<figure class=\"wp-block-image aligncenter size-large is-resized\"><img loading=\"lazy\" decoding=\"async\" width=\"1024\" height=\"472\" src=\"https:\/\/sds-skawina.pl\/wp-content\/uploads\/2026\/05\/teatr_10-1024x472.jpg\" alt=\"\" class=\"wp-image-542\" style=\"aspect-ratio:2.16953024133479;width:925px;height:auto\" srcset=\"https:\/\/sds-skawina.pl\/wp-content\/uploads\/2026\/05\/teatr_10-1024x472.jpg 1024w, https:\/\/sds-skawina.pl\/wp-content\/uploads\/2026\/05\/teatr_10-300x138.jpg 300w, https:\/\/sds-skawina.pl\/wp-content\/uploads\/2026\/05\/teatr_10-768x354.jpg 768w, https:\/\/sds-skawina.pl\/wp-content\/uploads\/2026\/05\/teatr_10-1536x709.jpg 1536w, https:\/\/sds-skawina.pl\/wp-content\/uploads\/2026\/05\/teatr_10.jpg 1541w\" sizes=\"auto, (max-width: 1024px) 100vw, 1024px\" \/><\/figure>\n\n\n\n<p><strong>Autorskie spektakle z dusz\u0105<\/strong><br>Ka\u017cdy spektakl to autorska historia, tworzona od podstaw przez Pani\u0105 Dyrektor Stanis\u0142aw\u0119 Szczepaniak.<br>Scenariusze powstaj\u0105 z my\u015bl\u0105 o uczestnikach \u2014 ich mo\u017cliwo\u015bciach, emocjach i do\u015bwiadczeniach.<br>Dzi\u0119ki temu ka\u017cda sztuka jest autentyczna, poruszaj\u0105ca i prawdziwa.<br>Nie odtwarzamy gotowych r\u00f3l \u2014 tworzymy w\u0142asne.<\/p>\n\n\n\n<figure class=\"wp-block-gallery has-nested-images columns-default is-cropped wp-block-gallery-1 is-layout-flex wp-block-gallery-is-layout-flex\">\n<figure class=\"wp-block-image size-large\"><img loading=\"lazy\" decoding=\"async\" width=\"872\" height=\"860\" data-id=\"546\" src=\"https:\/\/sds-skawina.pl\/wp-content\/uploads\/2026\/05\/teatr_1-1.jpg\" alt=\"\" class=\"wp-image-546\" srcset=\"https:\/\/sds-skawina.pl\/wp-content\/uploads\/2026\/05\/teatr_1-1.jpg 872w, https:\/\/sds-skawina.pl\/wp-content\/uploads\/2026\/05\/teatr_1-1-300x296.jpg 300w, https:\/\/sds-skawina.pl\/wp-content\/uploads\/2026\/05\/teatr_1-1-768x757.jpg 768w\" sizes=\"auto, (max-width: 872px) 100vw, 872px\" \/><\/figure>\n\n\n\n<figure class=\"wp-block-image size-large\"><img loading=\"lazy\" decoding=\"async\" width=\"537\" height=\"462\" data-id=\"545\" src=\"https:\/\/sds-skawina.pl\/wp-content\/uploads\/2026\/05\/teatr_2.jpg\" alt=\"\" class=\"wp-image-545\" srcset=\"https:\/\/sds-skawina.pl\/wp-content\/uploads\/2026\/05\/teatr_2.jpg 537w, https:\/\/sds-skawina.pl\/wp-content\/uploads\/2026\/05\/teatr_2-300x258.jpg 300w\" sizes=\"auto, (max-width: 537px) 100vw, 537px\" \/><\/figure>\n\n\n\n<figure class=\"wp-block-image size-large\"><img loading=\"lazy\" decoding=\"async\" width=\"1024\" height=\"1024\" data-id=\"547\" src=\"https:\/\/sds-skawina.pl\/wp-content\/uploads\/2026\/05\/teatr_7-1024x1024.jpg\" alt=\"\" class=\"wp-image-547\" srcset=\"https:\/\/sds-skawina.pl\/wp-content\/uploads\/2026\/05\/teatr_7-1024x1024.jpg 1024w, https:\/\/sds-skawina.pl\/wp-content\/uploads\/2026\/05\/teatr_7-300x300.jpg 300w, https:\/\/sds-skawina.pl\/wp-content\/uploads\/2026\/05\/teatr_7-150x150.jpg 150w, https:\/\/sds-skawina.pl\/wp-content\/uploads\/2026\/05\/teatr_7-768x768.jpg 768w, https:\/\/sds-skawina.pl\/wp-content\/uploads\/2026\/05\/teatr_7-1536x1536.jpg 1536w, https:\/\/sds-skawina.pl\/wp-content\/uploads\/2026\/05\/teatr_7-600x600.jpg 600w, https:\/\/sds-skawina.pl\/wp-content\/uploads\/2026\/05\/teatr_7.jpg 2048w\" sizes=\"auto, (max-width: 1024px) 100vw, 1024px\" \/><\/figure>\n<\/figure>\n\n\n\n<p><strong>Teatr, kt\u00f3ry porusza ludzi<\/strong><br>Dla nas teatr nie ko\u0144czy si\u0119 na scenie.<br>To spotkanie z drugim cz\u0142owiekiem.<br>Z widzem, kt\u00f3ry nie widzi niepe\u0142nosprawno\u015bci \u2014 ale sztuk\u0119, aktor\u00f3w i pi\u0119kno p\u0142yn\u0105ce z ka\u017cdej emocji.<br>Ka\u017cdy wyst\u0119p to ogrom pracy, zaanga\u017cowania i wsp\u00f3lnego wysi\u0142ku, kt\u00f3ry zamienia si\u0119 w co\u015b wyj\u0105tkowego.<br>To chwile wzrusze\u0144, dumy i prawdziwego kontaktu.<\/p>\n\n\n\n<figure class=\"wp-block-image aligncenter size-large is-resized\"><img loading=\"lazy\" decoding=\"async\" width=\"1024\" height=\"1024\" src=\"https:\/\/sds-skawina.pl\/wp-content\/uploads\/2026\/05\/teatr_9-1024x1024.jpg\" alt=\"\" class=\"wp-image-548\" style=\"width:797px;height:auto\" srcset=\"https:\/\/sds-skawina.pl\/wp-content\/uploads\/2026\/05\/teatr_9-1024x1024.jpg 1024w, https:\/\/sds-skawina.pl\/wp-content\/uploads\/2026\/05\/teatr_9-300x300.jpg 300w, https:\/\/sds-skawina.pl\/wp-content\/uploads\/2026\/05\/teatr_9-150x150.jpg 150w, https:\/\/sds-skawina.pl\/wp-content\/uploads\/2026\/05\/teatr_9-768x768.jpg 768w, https:\/\/sds-skawina.pl\/wp-content\/uploads\/2026\/05\/teatr_9-1536x1536.jpg 1536w, https:\/\/sds-skawina.pl\/wp-content\/uploads\/2026\/05\/teatr_9-600x600.jpg 600w, https:\/\/sds-skawina.pl\/wp-content\/uploads\/2026\/05\/teatr_9.jpg 2048w\" sizes=\"auto, (max-width: 1024px) 100vw, 1024px\" \/><\/figure>\n\n\n\n<p><strong>Nasze sceny \u2013 nasze do\u015bwiadczenia<\/strong><br>Zesp\u00f3\u0142 \u201eKrewni Pana Boga\u201d mia\u0142 okazj\u0119 wyst\u0119powa\u0107 w wielu wyj\u0105tkowych miejscach:<br>&#8211; Pa\u0144stwowa Szko\u0142a Baletowa w Warszawie<br>&#8211; Zak\u0142ad Karny w Wadowicach<br>&#8211; wyst\u0119py zagraniczne \u2013 m.in. na Ukrainie<br>Ka\u017cdy wyjazd i ka\u017cdy spektakl to nowe do\u015bwiadczenie, nowi ludzie i kolejne historie, kt\u00f3re zostaj\u0105 z nami na d\u0142ugo.<br><\/p>\n\n\n\n<figure class=\"wp-block-image aligncenter size-large is-resized\"><img loading=\"lazy\" decoding=\"async\" width=\"1024\" height=\"1024\" src=\"https:\/\/sds-skawina.pl\/wp-content\/uploads\/2026\/05\/teatr_4-1024x1024.jpg\" alt=\"\" class=\"wp-image-544\" style=\"width:762px;height:auto\" srcset=\"https:\/\/sds-skawina.pl\/wp-content\/uploads\/2026\/05\/teatr_4-1024x1024.jpg 1024w, https:\/\/sds-skawina.pl\/wp-content\/uploads\/2026\/05\/teatr_4-300x300.jpg 300w, https:\/\/sds-skawina.pl\/wp-content\/uploads\/2026\/05\/teatr_4-150x150.jpg 150w, https:\/\/sds-skawina.pl\/wp-content\/uploads\/2026\/05\/teatr_4-768x768.jpg 768w, https:\/\/sds-skawina.pl\/wp-content\/uploads\/2026\/05\/teatr_4-1536x1536.jpg 1536w, https:\/\/sds-skawina.pl\/wp-content\/uploads\/2026\/05\/teatr_4-600x600.jpg 600w, https:\/\/sds-skawina.pl\/wp-content\/uploads\/2026\/05\/teatr_4.jpg 2048w\" sizes=\"auto, (max-width: 1024px) 100vw, 1024px\" \/><\/figure>\n\n\n\n<p><strong>Dlaczego to jest wa\u017cne?<\/strong><br>Bo teatr zmienia. Daje si\u0142\u0119. Pozwala uwierzy\u0107 w siebie.<br>Pokazuje, \u017ce ka\u017cdy &#8211; bez wzgl\u0119du na ograniczenia &#8211; ma co\u015b wa\u017cnego do przekazania \u015bwiatu.<\/p>\n\n\n\n<figure class=\"wp-block-gallery has-nested-images columns-default is-cropped wp-block-gallery-2 is-layout-flex wp-block-gallery-is-layout-flex\">\n<figure class=\"wp-block-image size-large\"><img loading=\"lazy\" decoding=\"async\" width=\"724\" height=\"1024\" data-id=\"568\" src=\"https:\/\/sds-skawina.pl\/wp-content\/uploads\/2026\/05\/579926910_1271787974976118_839875277930032491_n-1-724x1024.jpg\" alt=\"\" class=\"wp-image-568\" srcset=\"https:\/\/sds-skawina.pl\/wp-content\/uploads\/2026\/05\/579926910_1271787974976118_839875277930032491_n-1-724x1024.jpg 724w, https:\/\/sds-skawina.pl\/wp-content\/uploads\/2026\/05\/579926910_1271787974976118_839875277930032491_n-1-212x300.jpg 212w, https:\/\/sds-skawina.pl\/wp-content\/uploads\/2026\/05\/579926910_1271787974976118_839875277930032491_n-1-768x1086.jpg 768w, https:\/\/sds-skawina.pl\/wp-content\/uploads\/2026\/05\/579926910_1271787974976118_839875277930032491_n-1-1086x1536.jpg 1086w, https:\/\/sds-skawina.pl\/wp-content\/uploads\/2026\/05\/579926910_1271787974976118_839875277930032491_n-1.jpg 1448w\" sizes=\"auto, (max-width: 724px) 100vw, 724px\" \/><\/figure>\n\n\n\n<figure class=\"wp-block-image size-large\"><img loading=\"lazy\" decoding=\"async\" width=\"712\" height=\"1024\" data-id=\"539\" src=\"https:\/\/sds-skawina.pl\/wp-content\/uploads\/2026\/05\/plakat_5-712x1024.jpg\" alt=\"\" class=\"wp-image-539\" srcset=\"https:\/\/sds-skawina.pl\/wp-content\/uploads\/2026\/05\/plakat_5-712x1024.jpg 712w, https:\/\/sds-skawina.pl\/wp-content\/uploads\/2026\/05\/plakat_5-209x300.jpg 209w, https:\/\/sds-skawina.pl\/wp-content\/uploads\/2026\/05\/plakat_5-768x1104.jpg 768w, https:\/\/sds-skawina.pl\/wp-content\/uploads\/2026\/05\/plakat_5-1069x1536.jpg 1069w, https:\/\/sds-skawina.pl\/wp-content\/uploads\/2026\/05\/plakat_5-1425x2048.jpg 1425w, https:\/\/sds-skawina.pl\/wp-content\/uploads\/2026\/05\/plakat_5-scaled.jpg 1781w\" sizes=\"auto, (max-width: 712px) 100vw, 712px\" \/><\/figure>\n\n\n\n<figure class=\"wp-block-image size-large\"><img loading=\"lazy\" decoding=\"async\" width=\"732\" height=\"1024\" data-id=\"538\" src=\"https:\/\/sds-skawina.pl\/wp-content\/uploads\/2026\/05\/plakat_8-732x1024.png\" alt=\"\" class=\"wp-image-538\" srcset=\"https:\/\/sds-skawina.pl\/wp-content\/uploads\/2026\/05\/plakat_8-732x1024.png 732w, https:\/\/sds-skawina.pl\/wp-content\/uploads\/2026\/05\/plakat_8-215x300.png 215w, https:\/\/sds-skawina.pl\/wp-content\/uploads\/2026\/05\/plakat_8-768x1074.png 768w, https:\/\/sds-skawina.pl\/wp-content\/uploads\/2026\/05\/plakat_8-1098x1536.png 1098w, https:\/\/sds-skawina.pl\/wp-content\/uploads\/2026\/05\/plakat_8.png 1190w\" sizes=\"auto, (max-width: 732px) 100vw, 732px\" \/><\/figure>\n\n\n\n<figure class=\"wp-block-image size-large\"><img loading=\"lazy\" decoding=\"async\" width=\"724\" height=\"1024\" data-id=\"537\" src=\"https:\/\/sds-skawina.pl\/wp-content\/uploads\/2026\/05\/plakat_4-724x1024.jpg\" alt=\"\" class=\"wp-image-537\" srcset=\"https:\/\/sds-skawina.pl\/wp-content\/uploads\/2026\/05\/plakat_4-724x1024.jpg 724w, https:\/\/sds-skawina.pl\/wp-content\/uploads\/2026\/05\/plakat_4-212x300.jpg 212w, https:\/\/sds-skawina.pl\/wp-content\/uploads\/2026\/05\/plakat_4-768x1086.jpg 768w, https:\/\/sds-skawina.pl\/wp-content\/uploads\/2026\/05\/plakat_4.jpg 1000w\" sizes=\"auto, (max-width: 724px) 100vw, 724px\" \/><\/figure>\n\n\n\n<figure class=\"wp-block-image size-large\"><img loading=\"lazy\" decoding=\"async\" width=\"727\" height=\"1024\" data-id=\"536\" src=\"https:\/\/sds-skawina.pl\/wp-content\/uploads\/2026\/05\/plakat_9-727x1024.jpg\" alt=\"\" class=\"wp-image-536\" srcset=\"https:\/\/sds-skawina.pl\/wp-content\/uploads\/2026\/05\/plakat_9-727x1024.jpg 727w, https:\/\/sds-skawina.pl\/wp-content\/uploads\/2026\/05\/plakat_9-213x300.jpg 213w, https:\/\/sds-skawina.pl\/wp-content\/uploads\/2026\/05\/plakat_9-768x1082.jpg 768w, https:\/\/sds-skawina.pl\/wp-content\/uploads\/2026\/05\/plakat_9.jpg 900w\" sizes=\"auto, (max-width: 727px) 100vw, 727px\" \/><\/figure>\n\n\n\n<figure class=\"wp-block-image size-large\"><img loading=\"lazy\" decoding=\"async\" width=\"717\" height=\"1024\" data-id=\"535\" src=\"https:\/\/sds-skawina.pl\/wp-content\/uploads\/2026\/05\/plakat_2-717x1024.jpg\" alt=\"\" class=\"wp-image-535\" srcset=\"https:\/\/sds-skawina.pl\/wp-content\/uploads\/2026\/05\/plakat_2-717x1024.jpg 717w, https:\/\/sds-skawina.pl\/wp-content\/uploads\/2026\/05\/plakat_2-210x300.jpg 210w, https:\/\/sds-skawina.pl\/wp-content\/uploads\/2026\/05\/plakat_2-768x1097.jpg 768w, https:\/\/sds-skawina.pl\/wp-content\/uploads\/2026\/05\/plakat_2-1075x1536.jpg 1075w, https:\/\/sds-skawina.pl\/wp-content\/uploads\/2026\/05\/plakat_2-1434x2048.jpg 1434w, https:\/\/sds-skawina.pl\/wp-content\/uploads\/2026\/05\/plakat_2-scaled.jpg 1792w\" sizes=\"auto, (max-width: 717px) 100vw, 717px\" \/><\/figure>\n\n\n\n<figure class=\"wp-block-image size-large\"><img loading=\"lazy\" decoding=\"async\" width=\"727\" height=\"1024\" data-id=\"534\" src=\"https:\/\/sds-skawina.pl\/wp-content\/uploads\/2026\/05\/plakat_6-727x1024.jpg\" alt=\"\" class=\"wp-image-534\" srcset=\"https:\/\/sds-skawina.pl\/wp-content\/uploads\/2026\/05\/plakat_6-727x1024.jpg 727w, https:\/\/sds-skawina.pl\/wp-content\/uploads\/2026\/05\/plakat_6-213x300.jpg 213w, https:\/\/sds-skawina.pl\/wp-content\/uploads\/2026\/05\/plakat_6-768x1082.jpg 768w, https:\/\/sds-skawina.pl\/wp-content\/uploads\/2026\/05\/plakat_6.jpg 980w\" sizes=\"auto, (max-width: 727px) 100vw, 727px\" \/><\/figure>\n\n\n\n<figure class=\"wp-block-image size-large\"><img loading=\"lazy\" decoding=\"async\" width=\"537\" height=\"768\" data-id=\"533\" src=\"https:\/\/sds-skawina.pl\/wp-content\/uploads\/2026\/05\/plakat_7.jpg\" alt=\"\" class=\"wp-image-533\" srcset=\"https:\/\/sds-skawina.pl\/wp-content\/uploads\/2026\/05\/plakat_7.jpg 537w, https:\/\/sds-skawina.pl\/wp-content\/uploads\/2026\/05\/plakat_7-210x300.jpg 210w\" sizes=\"auto, (max-width: 537px) 100vw, 537px\" \/><\/figure>\n\n\n\n<figure class=\"wp-block-image size-large\"><img loading=\"lazy\" decoding=\"async\" width=\"724\" height=\"1024\" data-id=\"532\" src=\"https:\/\/sds-skawina.pl\/wp-content\/uploads\/2026\/05\/plakat_1-724x1024.jpg\" alt=\"\" class=\"wp-image-532\" srcset=\"https:\/\/sds-skawina.pl\/wp-content\/uploads\/2026\/05\/plakat_1-724x1024.jpg 724w, https:\/\/sds-skawina.pl\/wp-content\/uploads\/2026\/05\/plakat_1-212x300.jpg 212w, https:\/\/sds-skawina.pl\/wp-content\/uploads\/2026\/05\/plakat_1-768x1086.jpg 768w, https:\/\/sds-skawina.pl\/wp-content\/uploads\/2026\/05\/plakat_1-1086x1536.jpg 1086w, https:\/\/sds-skawina.pl\/wp-content\/uploads\/2026\/05\/plakat_1.jpg 1348w\" sizes=\"auto, (max-width: 724px) 100vw, 724px\" \/><\/figure>\n\n\n\n<figure class=\"wp-block-image size-large\"><img loading=\"lazy\" decoding=\"async\" width=\"538\" height=\"768\" data-id=\"531\" src=\"https:\/\/sds-skawina.pl\/wp-content\/uploads\/2026\/05\/plakat_3.jpg\" alt=\"\" class=\"wp-image-531\" srcset=\"https:\/\/sds-skawina.pl\/wp-content\/uploads\/2026\/05\/plakat_3.jpg 538w, https:\/\/sds-skawina.pl\/wp-content\/uploads\/2026\/05\/plakat_3-210x300.jpg 210w\" sizes=\"auto, (max-width: 538px) 100vw, 538px\" \/><\/figure>\n<\/figure>\n","protected":false},"excerpt":{"rendered":"<p>Bo ka\u017cdy ma swoj\u0105 histori\u0119 do opowiedzeniaWychodzimy na scen\u0119 i pokazujemy si\u0119 \u015bwiatu. To przestrze\u0144 odwagi, ekspresji i rado\u015bci. Na [&hellip;]<\/p>\n","protected":false},"author":1,"featured_media":0,"parent":0,"menu_order":0,"comment_status":"closed","ping_status":"closed","template":"","meta":{"_monsterinsights_skip_tracking":false,"_monsterinsights_sitenote_active":false,"_monsterinsights_sitenote_note":"","_monsterinsights_sitenote_category":0,"site-sidebar-layout":"default","site-content-layout":"","ast-site-content-layout":"default","site-content-style":"default","site-sidebar-style":"default","ast-global-header-display":"","ast-banner-title-visibility":"","ast-main-header-display":"","ast-hfb-above-header-display":"","ast-hfb-below-header-display":"","ast-hfb-mobile-header-display":"","site-post-title":"","ast-breadcrumbs-content":"","ast-featured-img":"","footer-sml-layout":"","ast-disable-related-posts":"","theme-transparent-header-meta":"","adv-header-id-meta":"","stick-header-meta":"","header-above-stick-meta":"","header-main-stick-meta":"","header-below-stick-meta":"","astra-migrate-meta-layouts":"default","ast-page-background-enabled":"default","ast-page-background-meta":{"desktop":{"background-color":"var(--ast-global-color-5)","background-image":"","background-repeat":"repeat","background-position":"center center","background-size":"auto","background-attachment":"scroll","background-type":"","background-media":"","overlay-type":"","overlay-color":"","overlay-opacity":"","overlay-gradient":""},"tablet":{"background-color":"","background-image":"","background-repeat":"repeat","background-position":"center center","background-size":"auto","background-attachment":"scroll","background-type":"","background-media":"","overlay-type":"","overlay-color":"","overlay-opacity":"","overlay-gradient":""},"mobile":{"background-color":"","background-image":"","background-repeat":"repeat","background-position":"center center","background-size":"auto","background-attachment":"scroll","background-type":"","background-media":"","overlay-type":"","overlay-color":"","overlay-opacity":"","overlay-gradient":""}},"ast-content-background-meta":{"desktop":{"background-color":"var(--ast-global-color-4)","background-image":"","background-repeat":"repeat","background-position":"center center","background-size":"auto","background-attachment":"scroll","background-type":"","background-media":"","overlay-type":"","overlay-color":"","overlay-opacity":"","overlay-gradient":""},"tablet":{"background-color":"var(--ast-global-color-4)","background-image":"","background-repeat":"repeat","background-position":"center center","background-size":"auto","background-attachment":"scroll","background-type":"","background-media":"","overlay-type":"","overlay-color":"","overlay-opacity":"","overlay-gradient":""},"mobile":{"background-color":"var(--ast-global-color-4)","background-image":"","background-repeat":"repeat","background-position":"center center","background-size":"auto","background-attachment":"scroll","background-type":"","background-media":"","overlay-type":"","overlay-color":"","overlay-opacity":"","overlay-gradient":""}},"footnotes":""},"class_list":["post-528","page","type-page","status-publish","hentry"],"_links":{"self":[{"href":"https:\/\/sds-skawina.pl\/index.php?rest_route=\/wp\/v2\/pages\/528","targetHints":{"allow":["GET"]}}],"collection":[{"href":"https:\/\/sds-skawina.pl\/index.php?rest_route=\/wp\/v2\/pages"}],"about":[{"href":"https:\/\/sds-skawina.pl\/index.php?rest_route=\/wp\/v2\/types\/page"}],"author":[{"embeddable":true,"href":"https:\/\/sds-skawina.pl\/index.php?rest_route=\/wp\/v2\/users\/1"}],"replies":[{"embeddable":true,"href":"https:\/\/sds-skawina.pl\/index.php?rest_route=%2Fwp%2Fv2%2Fcomments&post=528"}],"version-history":[{"count":6,"href":"https:\/\/sds-skawina.pl\/index.php?rest_route=\/wp\/v2\/pages\/528\/revisions"}],"predecessor-version":[{"id":571,"href":"https:\/\/sds-skawina.pl\/index.php?rest_route=\/wp\/v2\/pages\/528\/revisions\/571"}],"wp:attachment":[{"href":"https:\/\/sds-skawina.pl\/index.php?rest_route=%2Fwp%2Fv2%2Fmedia&parent=528"}],"curies":[{"name":"wp","href":"https:\/\/api.w.org\/{rel}","templated":true}]}}