{"id":551,"date":"2026-05-04T13:21:18","date_gmt":"2026-05-04T13:21:18","guid":{"rendered":"https:\/\/sds-skawina.pl\/?page_id=551"},"modified":"2026-05-04T14:25:57","modified_gmt":"2026-05-04T14:25:57","slug":"wyjazdy-i-odkrywanie","status":"publish","type":"page","link":"https:\/\/sds-skawina.pl\/?page_id=551","title":{"rendered":"Wyjazdy i odkrywanie"},"content":{"rendered":"\n<p>\ud83c\udf0d <strong>Wyjazdy i odkrywanie<\/strong><br>Bo \u015bwiat jest dla nas.<br>Jeste\u015bmy w g\u00f3rach, w kinie, w muzeach i na koncertach. Poznajemy \u015bwiat przez do\u015bwiadczenie.<br><\/p>\n\n\n\n<figure class=\"wp-block-image aligncenter size-large\"><img loading=\"lazy\" decoding=\"async\" width=\"1024\" height=\"578\" src=\"https:\/\/sds-skawina.pl\/wp-content\/uploads\/2026\/05\/547373493_1218798556941727_832666477726584490_n-1024x578.jpg\" alt=\"\" class=\"wp-image-554\" srcset=\"https:\/\/sds-skawina.pl\/wp-content\/uploads\/2026\/05\/547373493_1218798556941727_832666477726584490_n-1024x578.jpg 1024w, https:\/\/sds-skawina.pl\/wp-content\/uploads\/2026\/05\/547373493_1218798556941727_832666477726584490_n-300x169.jpg 300w, https:\/\/sds-skawina.pl\/wp-content\/uploads\/2026\/05\/547373493_1218798556941727_832666477726584490_n-768x433.jpg 768w, https:\/\/sds-skawina.pl\/wp-content\/uploads\/2026\/05\/547373493_1218798556941727_832666477726584490_n-1536x866.jpg 1536w, https:\/\/sds-skawina.pl\/wp-content\/uploads\/2026\/05\/547373493_1218798556941727_832666477726584490_n.jpg 2000w\" sizes=\"auto, (max-width: 1024px) 100vw, 1024px\" \/><\/figure>\n\n\n\n<p><strong>Podr\u00f3\u017ce ma\u0142e i du\u017ce<\/strong><br>Nasze wyjazdy to zar\u00f3wno kr\u00f3tkie wyprawy po okolicy, jak i dalsze podr\u00f3\u017ce, kt\u00f3re zostaj\u0105 w pami\u0119ci na d\u0142ugo.<br>Od morza po Tatry.<br>Od spacer\u00f3w po malowniczych zak\u0105tkach Ma\u0142opolski po miejsca, kt\u00f3re jeszcze niedawno by\u0142y tylko marzeniem.<br><\/p>\n\n\n\n<figure class=\"wp-block-image aligncenter size-large\"><img loading=\"lazy\" decoding=\"async\" width=\"577\" height=\"1024\" src=\"https:\/\/sds-skawina.pl\/wp-content\/uploads\/2026\/05\/618222766_1354784773343104_4002749504438371451_n-577x1024.jpg\" alt=\"\" class=\"wp-image-555\" srcset=\"https:\/\/sds-skawina.pl\/wp-content\/uploads\/2026\/05\/618222766_1354784773343104_4002749504438371451_n-577x1024.jpg 577w, https:\/\/sds-skawina.pl\/wp-content\/uploads\/2026\/05\/618222766_1354784773343104_4002749504438371451_n-169x300.jpg 169w, https:\/\/sds-skawina.pl\/wp-content\/uploads\/2026\/05\/618222766_1354784773343104_4002749504438371451_n-768x1364.jpg 768w, https:\/\/sds-skawina.pl\/wp-content\/uploads\/2026\/05\/618222766_1354784773343104_4002749504438371451_n-865x1536.jpg 865w, https:\/\/sds-skawina.pl\/wp-content\/uploads\/2026\/05\/618222766_1354784773343104_4002749504438371451_n.jpg 1153w\" sizes=\"auto, (max-width: 577px) 100vw, 577px\" \/><\/figure>\n\n\n\n<p><strong>Ka\u017cdy znajdzie co\u015b dla siebie<\/strong><br>Odwiedzamy:<br>&#8211; muzea i galerie sztuki<br>&#8211; ogrody botaniczne<br>&#8211; kina i koncerty<br>&#8211; wydarzenia sportowe naszych ulubionych dru\u017cyn<br>Wyruszamy tak\u017ce na:<br>&#8211; ca\u0142odniowe wyprawy w g\u00f3ry<br>&#8211; wyjazdy nad jeziora<br>spokojne spacery i aktywne wycieczki<br>Ka\u017cdy mo\u017ce znale\u017a\u0107 co\u015b dla siebie &#8211; a my pomagamy odkrywa\u0107 to, co daje rado\u015b\u0107.<br><\/p>\n\n\n\n<figure class=\"wp-block-image aligncenter size-large\"><img loading=\"lazy\" decoding=\"async\" width=\"1024\" height=\"578\" src=\"https:\/\/sds-skawina.pl\/wp-content\/uploads\/2026\/05\/622356980_1333844922103756_5366924385424615532_n-1-1024x578.jpg\" alt=\"\" class=\"wp-image-556\" srcset=\"https:\/\/sds-skawina.pl\/wp-content\/uploads\/2026\/05\/622356980_1333844922103756_5366924385424615532_n-1-1024x578.jpg 1024w, https:\/\/sds-skawina.pl\/wp-content\/uploads\/2026\/05\/622356980_1333844922103756_5366924385424615532_n-1-300x169.jpg 300w, https:\/\/sds-skawina.pl\/wp-content\/uploads\/2026\/05\/622356980_1333844922103756_5366924385424615532_n-1-768x433.jpg 768w, https:\/\/sds-skawina.pl\/wp-content\/uploads\/2026\/05\/622356980_1333844922103756_5366924385424615532_n-1-1536x866.jpg 1536w, https:\/\/sds-skawina.pl\/wp-content\/uploads\/2026\/05\/622356980_1333844922103756_5366924385424615532_n-1.jpg 2000w\" sizes=\"auto, (max-width: 1024px) 100vw, 1024px\" \/><\/figure>\n\n\n\n<p><strong>Do\u015bwiadczenie, kt\u00f3re zostaje<\/strong><br>To nie s\u0105 tylko wyjazdy.<br>To chwile, kt\u00f3re buduj\u0105 wspomnienia, relacje i pewno\u015b\u0107 siebie.<br>Uczymy si\u0119 samodzielno\u015bci, otwarto\u015bci i odwagi.<br>Poznajemy nowe miejsca, ludzi i sytuacje, kt\u00f3re rozwijaj\u0105 nas ka\u017cdego dnia.<br><\/p>\n\n\n\n<figure class=\"wp-block-image aligncenter size-large\"><img loading=\"lazy\" decoding=\"async\" width=\"1024\" height=\"576\" src=\"https:\/\/sds-skawina.pl\/wp-content\/uploads\/2025\/11\/508539256_1145337174287866_5015526578436014193_n-1-1024x576.jpg\" alt=\"\" class=\"wp-image-43\" srcset=\"https:\/\/sds-skawina.pl\/wp-content\/uploads\/2025\/11\/508539256_1145337174287866_5015526578436014193_n-1-1024x576.jpg 1024w, https:\/\/sds-skawina.pl\/wp-content\/uploads\/2025\/11\/508539256_1145337174287866_5015526578436014193_n-1-300x169.jpg 300w, https:\/\/sds-skawina.pl\/wp-content\/uploads\/2025\/11\/508539256_1145337174287866_5015526578436014193_n-1-768x432.jpg 768w, https:\/\/sds-skawina.pl\/wp-content\/uploads\/2025\/11\/508539256_1145337174287866_5015526578436014193_n-1-1536x864.jpg 1536w, https:\/\/sds-skawina.pl\/wp-content\/uploads\/2025\/11\/508539256_1145337174287866_5015526578436014193_n-1.jpg 1600w\" sizes=\"auto, (max-width: 1024px) 100vw, 1024px\" \/><\/figure>\n\n\n\n<p><strong>Spe\u0142nianie marze\u0144<\/strong><br>Czasem to pierwszy wyjazd w g\u00f3ry.<br>Czasem pierwszy raz nad morzem.<br>A czasem po prostu wsp\u00f3lna podr\u00f3\u017c, kt\u00f3ra daje poczucie wolno\u015bci.<br>Wierzymy, \u017ce ka\u017cdy ma prawo do\u015bwiadcza\u0107 \u015bwiata &#8211; i robimy wszystko, \u017ceby te marzenia mog\u0142y si\u0119 spe\u0142nia\u0107.<\/p>\n\n\n\n<figure class=\"wp-block-gallery has-nested-images columns-default is-cropped wp-block-gallery-1 is-layout-flex wp-block-gallery-is-layout-flex\">\n<figure class=\"wp-block-image size-medium\"><img loading=\"lazy\" decoding=\"async\" width=\"300\" height=\"169\" data-id=\"558\" src=\"https:\/\/sds-skawina.pl\/wp-content\/uploads\/2026\/05\/540474020_1203576621797254_3524751080395020991_n-300x169.jpg\" alt=\"\" class=\"wp-image-558\" srcset=\"https:\/\/sds-skawina.pl\/wp-content\/uploads\/2026\/05\/540474020_1203576621797254_3524751080395020991_n-300x169.jpg 300w, https:\/\/sds-skawina.pl\/wp-content\/uploads\/2026\/05\/540474020_1203576621797254_3524751080395020991_n-1024x577.jpg 1024w, https:\/\/sds-skawina.pl\/wp-content\/uploads\/2026\/05\/540474020_1203576621797254_3524751080395020991_n-768x432.jpg 768w, https:\/\/sds-skawina.pl\/wp-content\/uploads\/2026\/05\/540474020_1203576621797254_3524751080395020991_n-1536x865.jpg 1536w, https:\/\/sds-skawina.pl\/wp-content\/uploads\/2026\/05\/540474020_1203576621797254_3524751080395020991_n.jpg 2048w\" sizes=\"auto, (max-width: 300px) 100vw, 300px\" \/><\/figure>\n\n\n\n<figure class=\"wp-block-image size-medium\"><img loading=\"lazy\" decoding=\"async\" width=\"300\" height=\"169\" data-id=\"559\" src=\"https:\/\/sds-skawina.pl\/wp-content\/uploads\/2026\/05\/549569231_1221500293338220_1805229753337610894_n-300x169.jpg\" alt=\"\" class=\"wp-image-559\" srcset=\"https:\/\/sds-skawina.pl\/wp-content\/uploads\/2026\/05\/549569231_1221500293338220_1805229753337610894_n-300x169.jpg 300w, https:\/\/sds-skawina.pl\/wp-content\/uploads\/2026\/05\/549569231_1221500293338220_1805229753337610894_n-1024x577.jpg 1024w, https:\/\/sds-skawina.pl\/wp-content\/uploads\/2026\/05\/549569231_1221500293338220_1805229753337610894_n-768x433.jpg 768w, https:\/\/sds-skawina.pl\/wp-content\/uploads\/2026\/05\/549569231_1221500293338220_1805229753337610894_n-1536x866.jpg 1536w, https:\/\/sds-skawina.pl\/wp-content\/uploads\/2026\/05\/549569231_1221500293338220_1805229753337610894_n.jpg 1600w\" sizes=\"auto, (max-width: 300px) 100vw, 300px\" \/><\/figure>\n\n\n\n<figure class=\"wp-block-image size-medium\"><img loading=\"lazy\" decoding=\"async\" width=\"169\" height=\"300\" data-id=\"560\" src=\"https:\/\/sds-skawina.pl\/wp-content\/uploads\/2026\/05\/557270800_1238384058316510_7339853727302068931_n-169x300.jpg\" alt=\"\" class=\"wp-image-560\" srcset=\"https:\/\/sds-skawina.pl\/wp-content\/uploads\/2026\/05\/557270800_1238384058316510_7339853727302068931_n-169x300.jpg 169w, https:\/\/sds-skawina.pl\/wp-content\/uploads\/2026\/05\/557270800_1238384058316510_7339853727302068931_n-576x1024.jpg 576w, https:\/\/sds-skawina.pl\/wp-content\/uploads\/2026\/05\/557270800_1238384058316510_7339853727302068931_n-768x1365.jpg 768w, https:\/\/sds-skawina.pl\/wp-content\/uploads\/2026\/05\/557270800_1238384058316510_7339853727302068931_n-864x1536.jpg 864w, https:\/\/sds-skawina.pl\/wp-content\/uploads\/2026\/05\/557270800_1238384058316510_7339853727302068931_n.jpg 1152w\" sizes=\"auto, (max-width: 169px) 100vw, 169px\" \/><\/figure>\n\n\n\n<figure class=\"wp-block-image size-medium\"><img loading=\"lazy\" decoding=\"async\" width=\"300\" height=\"169\" data-id=\"561\" src=\"https:\/\/sds-skawina.pl\/wp-content\/uploads\/2026\/05\/557671926_1281796353988748_6452766340172075230_n-300x169.jpg\" alt=\"\" class=\"wp-image-561\" srcset=\"https:\/\/sds-skawina.pl\/wp-content\/uploads\/2026\/05\/557671926_1281796353988748_6452766340172075230_n-300x169.jpg 300w, https:\/\/sds-skawina.pl\/wp-content\/uploads\/2026\/05\/557671926_1281796353988748_6452766340172075230_n-1024x577.jpg 1024w, https:\/\/sds-skawina.pl\/wp-content\/uploads\/2026\/05\/557671926_1281796353988748_6452766340172075230_n-768x432.jpg 768w, https:\/\/sds-skawina.pl\/wp-content\/uploads\/2026\/05\/557671926_1281796353988748_6452766340172075230_n.jpg 1156w\" sizes=\"auto, (max-width: 300px) 100vw, 300px\" \/><\/figure>\n\n\n\n<figure class=\"wp-block-image size-medium\"><img loading=\"lazy\" decoding=\"async\" width=\"300\" height=\"225\" data-id=\"557\" src=\"https:\/\/sds-skawina.pl\/wp-content\/uploads\/2026\/05\/568316304_1251986340289615_7042997861346598651_n-300x225.jpg\" alt=\"\" class=\"wp-image-557\" srcset=\"https:\/\/sds-skawina.pl\/wp-content\/uploads\/2026\/05\/568316304_1251986340289615_7042997861346598651_n-300x225.jpg 300w, https:\/\/sds-skawina.pl\/wp-content\/uploads\/2026\/05\/568316304_1251986340289615_7042997861346598651_n-768x576.jpg 768w, https:\/\/sds-skawina.pl\/wp-content\/uploads\/2026\/05\/568316304_1251986340289615_7042997861346598651_n.jpg 960w\" sizes=\"auto, (max-width: 300px) 100vw, 300px\" \/><\/figure>\n\n\n\n<figure class=\"wp-block-image size-medium\"><img loading=\"lazy\" decoding=\"async\" width=\"135\" height=\"300\" data-id=\"562\" src=\"https:\/\/sds-skawina.pl\/wp-content\/uploads\/2026\/05\/569124419_1252968200191429_2173988467819284746_n-135x300.jpg\" alt=\"\" class=\"wp-image-562\" srcset=\"https:\/\/sds-skawina.pl\/wp-content\/uploads\/2026\/05\/569124419_1252968200191429_2173988467819284746_n-135x300.jpg 135w, https:\/\/sds-skawina.pl\/wp-content\/uploads\/2026\/05\/569124419_1252968200191429_2173988467819284746_n-461x1024.jpg 461w, https:\/\/sds-skawina.pl\/wp-content\/uploads\/2026\/05\/569124419_1252968200191429_2173988467819284746_n-691x1536.jpg 691w, https:\/\/sds-skawina.pl\/wp-content\/uploads\/2026\/05\/569124419_1252968200191429_2173988467819284746_n.jpg 720w\" sizes=\"auto, (max-width: 135px) 100vw, 135px\" \/><\/figure>\n\n\n\n<figure class=\"wp-block-image size-medium\"><img loading=\"lazy\" decoding=\"async\" width=\"300\" height=\"169\" data-id=\"563\" src=\"https:\/\/sds-skawina.pl\/wp-content\/uploads\/2026\/05\/570450626_1253784763443106_1312405366427077565_n-300x169.jpg\" alt=\"\" class=\"wp-image-563\" srcset=\"https:\/\/sds-skawina.pl\/wp-content\/uploads\/2026\/05\/570450626_1253784763443106_1312405366427077565_n-300x169.jpg 300w, https:\/\/sds-skawina.pl\/wp-content\/uploads\/2026\/05\/570450626_1253784763443106_1312405366427077565_n-1024x576.jpg 1024w, https:\/\/sds-skawina.pl\/wp-content\/uploads\/2026\/05\/570450626_1253784763443106_1312405366427077565_n-768x432.jpg 768w, https:\/\/sds-skawina.pl\/wp-content\/uploads\/2026\/05\/570450626_1253784763443106_1312405366427077565_n-1536x864.jpg 1536w, https:\/\/sds-skawina.pl\/wp-content\/uploads\/2026\/05\/570450626_1253784763443106_1312405366427077565_n.jpg 2048w\" sizes=\"auto, (max-width: 300px) 100vw, 300px\" \/><\/figure>\n<\/figure>\n","protected":false},"excerpt":{"rendered":"<p>\ud83c\udf0d Wyjazdy i odkrywanieBo \u015bwiat jest dla nas.Jeste\u015bmy w g\u00f3rach, w kinie, w muzeach i na koncertach. Poznajemy \u015bwiat przez [&hellip;]<\/p>\n","protected":false},"author":1,"featured_media":0,"parent":0,"menu_order":0,"comment_status":"closed","ping_status":"closed","template":"","meta":{"_monsterinsights_skip_tracking":false,"_monsterinsights_sitenote_active":false,"_monsterinsights_sitenote_note":"","_monsterinsights_sitenote_category":0,"site-sidebar-layout":"default","site-content-layout":"","ast-site-content-layout":"default","site-content-style":"default","site-sidebar-style":"default","ast-global-header-display":"","ast-banner-title-visibility":"","ast-main-header-display":"","ast-hfb-above-header-display":"","ast-hfb-below-header-display":"","ast-hfb-mobile-header-display":"","site-post-title":"disabled","ast-breadcrumbs-content":"","ast-featured-img":"","footer-sml-layout":"","ast-disable-related-posts":"","theme-transparent-header-meta":"","adv-header-id-meta":"","stick-header-meta":"","header-above-stick-meta":"","header-main-stick-meta":"","header-below-stick-meta":"","astra-migrate-meta-layouts":"default","ast-page-background-enabled":"default","ast-page-background-meta":{"desktop":{"background-color":"var(--ast-global-color-5)","background-image":"","background-repeat":"repeat","background-position":"center center","background-size":"auto","background-attachment":"scroll","background-type":"","background-media":"","overlay-type":"","overlay-color":"","overlay-opacity":"","overlay-gradient":""},"tablet":{"background-color":"","background-image":"","background-repeat":"repeat","background-position":"center center","background-size":"auto","background-attachment":"scroll","background-type":"","background-media":"","overlay-type":"","overlay-color":"","overlay-opacity":"","overlay-gradient":""},"mobile":{"background-color":"","background-image":"","background-repeat":"repeat","background-position":"center center","background-size":"auto","background-attachment":"scroll","background-type":"","background-media":"","overlay-type":"","overlay-color":"","overlay-opacity":"","overlay-gradient":""}},"ast-content-background-meta":{"desktop":{"background-color":"var(--ast-global-color-4)","background-image":"","background-repeat":"repeat","background-position":"center center","background-size":"auto","background-attachment":"scroll","background-type":"","background-media":"","overlay-type":"","overlay-color":"","overlay-opacity":"","overlay-gradient":""},"tablet":{"background-color":"var(--ast-global-color-4)","background-image":"","background-repeat":"repeat","background-position":"center center","background-size":"auto","background-attachment":"scroll","background-type":"","background-media":"","overlay-type":"","overlay-color":"","overlay-opacity":"","overlay-gradient":""},"mobile":{"background-color":"var(--ast-global-color-4)","background-image":"","background-repeat":"repeat","background-position":"center center","background-size":"auto","background-attachment":"scroll","background-type":"","background-media":"","overlay-type":"","overlay-color":"","overlay-opacity":"","overlay-gradient":""}},"footnotes":""},"class_list":["post-551","page","type-page","status-publish","hentry"],"_links":{"self":[{"href":"https:\/\/sds-skawina.pl\/index.php?rest_route=\/wp\/v2\/pages\/551","targetHints":{"allow":["GET"]}}],"collection":[{"href":"https:\/\/sds-skawina.pl\/index.php?rest_route=\/wp\/v2\/pages"}],"about":[{"href":"https:\/\/sds-skawina.pl\/index.php?rest_route=\/wp\/v2\/types\/page"}],"author":[{"embeddable":true,"href":"https:\/\/sds-skawina.pl\/index.php?rest_route=\/wp\/v2\/users\/1"}],"replies":[{"embeddable":true,"href":"https:\/\/sds-skawina.pl\/index.php?rest_route=%2Fwp%2Fv2%2Fcomments&post=551"}],"version-history":[{"count":4,"href":"https:\/\/sds-skawina.pl\/index.php?rest_route=\/wp\/v2\/pages\/551\/revisions"}],"predecessor-version":[{"id":567,"href":"https:\/\/sds-skawina.pl\/index.php?rest_route=\/wp\/v2\/pages\/551\/revisions\/567"}],"wp:attachment":[{"href":"https:\/\/sds-skawina.pl\/index.php?rest_route=%2Fwp%2Fv2%2Fmedia&parent=551"}],"curies":[{"name":"wp","href":"https:\/\/api.w.org\/{rel}","templated":true}]}}